{"id":23418374,"date":"2023-01-16T09:22:18","date_gmt":"2023-01-16T14:22:18","guid":{"rendered":"http:\/\/batisseurs.ca\/our-residences\/"},"modified":"2025-11-12T13:34:47","modified_gmt":"2025-11-12T18:34:47","slug":"residence","status":"publish","type":"page","link":"https:\/\/batisseurs.ca\/en\/residence\/","title":{"rendered":"Our residences"},"content":{"rendered":"<p>[et_pb_section fb_built=&#8221;1&#8243; custom_padding_last_edited=&#8221;on|desktop&#8221; _builder_version=&#8221;4.19.4&#8243; use_background_color_gradient=&#8221;on&#8221; background_color_gradient_direction=&#8221;90deg&#8221; background_color_gradient_stops=&#8221;#00598d 18%|rgba(9,162,214,0.33) 70%&#8221; background_color_gradient_overlays_image=&#8221;on&#8221; background_color_gradient_start=&#8221;rgba(38,61,123,0.95)&#8221; background_color_gradient_start_position=&#8221;27%&#8221; background_color_gradient_end=&#8221;rgba(9,162,214,0.33)&#8221; background_color_gradient_end_position=&#8221;70%&#8221; background_image=&#8221;https:\/\/batisseurs.ca\/wp-content\/uploads\/2023\/01\/Espace-Commun-scaled.jpg&#8221; custom_padding=&#8221;13vh||20vh||false|false&#8221; custom_padding_tablet=&#8221;20vh||||false|false&#8221; custom_padding_phone=&#8221;5vh||10vh||false|false&#8221; bottom_divider_style=&#8221;curve2&#8243; bottom_divider_color=&#8221;#FFFFFF&#8221; bottom_divider_height=&#8221;200px&#8221; bottom_divider_repeat=&#8221;0x&#8221; bottom_divider_height_tablet=&#8221;120px&#8221; bottom_divider_height_phone=&#8221;60px&#8221; bottom_divider_height_last_edited=&#8221;on|phone&#8221; background_last_edited=&#8221;on|tablet&#8221; background_color_gradient_stops_tablet=&#8221;rgba(38,61,123,0.95) 0%|rgba(9,162,214,0.33) 100%&#8221; background_color_gradient_stops_phone=&#8221;rgba(38,61,123,0.95) 0%|rgba(9,162,214,0.33) 100%&#8221; background_color_gradient_start_position_tablet=&#8221;0%&#8221; background_color_gradient_end_position_tablet=&#8221;100%&#8221; background_color_gradient_end_position_phone=&#8221;100%&#8221; background_position_tablet=&#8221;top_right&#8221; background_position_phone=&#8221;top_left&#8221; global_colors_info=&#8221;{}&#8221;][et_pb_row _builder_version=&#8221;4.16&#8243; _module_preset=&#8221;default&#8221; global_colors_info=&#8221;{}&#8221;][et_pb_column type=&#8221;4_4&#8243; _builder_version=&#8221;4.16&#8243; _module_preset=&#8221;default&#8221; global_colors_info=&#8221;{}&#8221;][et_pb_cta title=&#8221;Everywhere in Quebec&#8221; _builder_version=&#8221;4.19.4&#8243; _module_preset=&#8221;default&#8221; header_font=&#8221;Raleway|300|||||||&#8221; header_text_color=&#8221;#F6FBFD&#8221; header_font_size=&#8221;40px&#8221; body_font=&#8221;Montserrat|700|||||||&#8221; body_font_size=&#8221;65px&#8221; body_line_height=&#8221;1em&#8221; background_color=&#8221;RGBA(0,0,0,0)&#8221; custom_button=&#8221;on&#8221; button_bg_color=&#8221;#09A2D6&#8243; button_border_color=&#8221;#09A2D6&#8243; text_orientation=&#8221;left&#8221; max_width=&#8221;700px&#8221; custom_margin=&#8221;||0px||false|false&#8221; custom_padding=&#8221;|||0px|false|false&#8221; header_font_size_tablet=&#8221;&#8221; header_font_size_phone=&#8221;27px&#8221; header_font_size_last_edited=&#8221;on|phone&#8221; body_font_size_tablet=&#8221;81px&#8221; body_font_size_phone=&#8221;41px&#8221; body_font_size_last_edited=&#8221;on|desktop&#8221; global_colors_info=&#8221;{}&#8221; button_border_color__hover_enabled=&#8221;on|hover&#8221; button_border_color__hover=&#8221;#09A2D6&#8243;]<\/p>\n<h1>Nos r\u00e9sidences <br \/>pour a\u00een\u00e9s<\/h1>\n<p>[\/et_pb_cta][dipi_breadcrumbs bc_separator_icon=&#8221;&#x35;||divi||400&#8243; bc_post_type=&#8221;project&#8221; bc_is_post_type_root=&#8221;on&#8221; bc_post_type_root=&#8221;\/doctors&#8221; bc_post_type_label=&#8221;Doctors&#8221; bc_schema=&#8221;off&#8221; bc_separator_color=&#8221;#FFFFFF&#8221; bc_separator_space=&#8221;0px&#8221; bc_item_bg_color=&#8221;rgba(255,255,255,0.07)&#8221; bc_item_padding=&#8221;5px|20px|5px|20px|false|false&#8221; bc_active_item_color=&#8221;rgba(255,255,255,0.05)&#8221; bc_active_item_padding=&#8221;5px|15px|5px|15px|false|false&#8221; bc_hover_item_bg_color=&#8221;#FFFFFF&#8221; _builder_version=&#8221;4.16&#8243; _module_preset=&#8221;default&#8221; items_text_color=&#8221;#FFFFFF&#8221; items_font_size=&#8221;16px&#8221; hover_text_color=&#8221;#263D7B&#8221; active_text_color=&#8221;rgba(255,255,255,0.52)&#8221; position_origin_a=&#8221;bottom_right&#8221; position_origin_f=&#8221;bottom_center&#8221; position_origin_r=&#8221;bottom_left&#8221; width=&#8221;100%&#8221; border_radii_items=&#8221;on|100px|100px|100px|100px&#8221; border_radii_active=&#8221;on|100px|100px|100px|100px&#8221; global_colors_info=&#8221;{}&#8221; custom_css_main_element_last_edited=&#8221;on|tablet&#8221;][\/dipi_breadcrumbs][\/et_pb_column][\/et_pb_row][\/et_pb_section][et_pb_section fb_built=&#8221;1&#8243; _builder_version=&#8221;4.25.2&#8243; _module_preset=&#8221;default&#8221; hover_enabled=&#8221;0&#8243; global_colors_info=&#8221;{}&#8221; disabled_on=&#8221;on|on|on&#8221; disabled=&#8221;on&#8221; sticky_enabled=&#8221;0&#8243;][et_pb_row _builder_version=&#8221;4.22.1&#8243; _module_preset=&#8221;default&#8221; global_colors_info=&#8221;{}&#8221;][et_pb_column type=&#8221;4_4&#8243; _builder_version=&#8221;4.22.1&#8243; _module_preset=&#8221;default&#8221; global_colors_info=&#8221;{}&#8221;][et_pb_text _builder_version=&#8221;4.22.1&#8243; _module_preset=&#8221;default&#8221; global_colors_info=&#8221;{}&#8221;]<\/p>\n<h2>Bienvenue chez Les R\u00e9sidences des B\u00e2tisseurs.<\/h2>\n<p class=\"p2\"><span class=\"s1\">Vous cherchez un endroit chaleureux et s\u00e9curitaire pour vous, un parent ou un proche \u00e2g\u00e9 ? Chez Les R\u00e9sidences des B\u00e2tisseurs, nous offrons bien plus qu&#8217;un toit : c&#8217;est un vrai coin de paradis. Nos r\u00e9sidences pour personnes \u00e2g\u00e9es sont con\u00e7ues pour \u00eatre des lieux de vie agr\u00e9ables et paisibles, o\u00f9 on se fait de nouveaux amis et o\u00f9 chaque jour est une occasion de sourire.<\/span><\/p>\n<p class=\"p2\"><span class=\"s1\">Vivre bien, vivre mieux. Notre secret ? Des espaces accueillants, pleins de vie et adapt\u00e9s pour que chacun se sente libre et autonome.\u00a0<\/span><\/p>\n<p class=\"p2\"><span class=\"s1\">Profitez d&#8217;un accompagnement au quotidien. Et parce que nous savons que la tranquillit\u00e9 d&#8217;esprit est primordiale, notre \u00e9quipe attentionn\u00e9e est l\u00e0 pour vous accompagner. Que ce soit pour une aide personnalis\u00e9e ou juste pour partager un moment convivial, on est l\u00e0.<\/span><\/p>\n<p class=\"p2\">D\u00e9couvrez tous nos emplacements de r\u00e9sidences pour a\u00een\u00e9s \u00e0 travers le Qu\u00e9bec et choisissez o\u00f9 vous installer.<\/p>\n<p>[\/et_pb_text][\/et_pb_column][\/et_pb_row][\/et_pb_section][et_pb_section fb_built=&#8221;1&#8243; _builder_version=&#8221;4.16&#8243; _module_preset=&#8221;default&#8221; background_image=&#8221;https:\/\/demo.divi-pixel.com\/medical\/wp-content\/uploads\/sites\/14\/2021\/07\/medical-shape-02.svg&#8221; background_size=&#8221;contain&#8221; background_position=&#8221;top_right&#8221; global_colors_info=&#8221;{}&#8221;][et_pb_row module_class=&#8221;dp_pricing_demo_2&#8243; _builder_version=&#8221;4.19.4&#8243; _module_preset=&#8221;default&#8221; width=&#8221;85%&#8221; width_tablet=&#8221;95%&#8221; width_phone=&#8221;90%&#8221; width_last_edited=&#8221;on|tablet&#8221; max_width=&#8221;1400px&#8221; custom_padding=&#8221;52px|||||&#8221; locked=&#8221;off&#8221; global_colors_info=&#8221;{}&#8221;][et_pb_column type=&#8221;4_4&#8243; _builder_version=&#8221;4.17.5&#8243; _module_preset=&#8221;default&#8221; global_colors_info=&#8221;{}&#8221;][dipi_filterable_grid select_post_type=&#8221;page&#8221; include_term_ids_of_dipi_cpt_category=&#8221;95,145,130,97,128,98,100,101,102,103,104&#8243; filter_tab_alignment=&#8221;center&#8221; all_filter_label=&#8221;Toutes&#8221; grid_layout=&#8221;grid&#8221; columns=&#8221;3&#8243; row_height=&#8221;230px&#8221; gutter=&#8221;40&#8243; grid_animation=&#8221;fadeInUpShort&#8221; fix_lazy=&#8221;on&#8221; show_post_title=&#8221;on&#8221; show_post_excerpt=&#8221;on&#8221; use_post_link=&#8221;on&#8221; use_overlay=&#8221;on&#8221; show_overflow=&#8221;on&#8221; overlay_bg_color=&#8221;rgba(21,2,42,0)&#8221; overlay_icon_use_icon_font_size=&#8221;on&#8221; overlay_icon_font_size=&#8221;15px&#8221; space_tabs=&#8221;0px&#8221; pagination_btn_padding=&#8221;10px|20px|10px|20px|false|false&#8221; pagination_active_btn_margin=&#8221;||||false|false&#8221; pagination_active_btn_padding=&#8221;10px|20px|10px|20px|false|false&#8221; load_more_padding=&#8221;12px|30px|12px|30px|false|false&#8221; pagination_btn_bg_color=&#8221;#FFFFFF&#8221; pagination_active_btn_bg_color=&#8221;#15022A&#8221; load_more_bg_color=&#8221;#000000&#8243; filter_bar_margin=&#8221;0px|0px|40px|0px|false|false&#8221; filter_bar_padding=&#8221;0px|0px||0px|false|false&#8221; filter_bar_background_color=&#8221;#FFFFFF&#8221; overlay_padding=&#8221;30px|30px|0px|30px|false|false&#8221; filter_bar_item_padding=&#8221;25px|10px|25px|10px|false|false&#8221; filter_bar_item_padding_active=&#8221;25px|20px|25px|20px|false|false&#8221; filter_bar_item_background_color=&#8221;RGBA(255,255,255,0)&#8221; filter_bar_item_background_color_active=&#8221;rgba(249,247,252,0.5)&#8221; grid_margin=&#8221;|0px|0px|0px|false|false&#8221; grid_background_color=&#8221;RGBA(255,255,255,0)&#8221; grid_item_background_color=&#8221;#FFFFFF&#8221; grid_item_title_margin=&#8221;20px|20px|10px|20px|false|false&#8221; grid_item_excerpt_margin=&#8221;10px|20px|40px|20px|false|false&#8221; filter_bar_layout_tablet=&#8221;&#8221; filter_bar_layout_phone=&#8221;row&#8221; filter_bar_layout_last_edited=&#8221;on|phone&#8221; columns_tablet=&#8221;2&#8243; columns_phone=&#8221;1&#8243; columns_last_edited=&#8221;on|tablet&#8221; space_tabs_tablet=&#8221;10px&#8221; space_tabs_phone=&#8221;10px&#8221; space_tabs_last_edited=&#8221;on|tablet&#8221; pagination_btn_padding_tablet=&#8221;10px|20px|10px|20px|false|false&#8221; pagination_btn_padding_phone=&#8221;10px|20px|10px|20px|false|false&#8221; pagination_btn_padding_last_edited=&#8221;on|phone&#8221; filter_bar_margin_tablet=&#8221;0px|0px|40px|0px|false|false&#8221; filter_bar_margin_phone=&#8221;0px|0px|40px|0px|false|false&#8221; filter_bar_margin_last_edited=&#8221;on|phone&#8221; filter_bar_item_padding_tablet=&#8221;25px|10px|25px|10px|false|false&#8221; filter_bar_item_padding_phone=&#8221;10px||10px||false|false&#8221; filter_bar_item_padding_last_edited=&#8221;on|phone&#8221; filter_bar_item_width_tablet=&#8221;&#8221; filter_bar_item_width_phone=&#8221;30%&#8221; filter_bar_item_width_last_edited=&#8221;on|phone&#8221; _builder_version=&#8221;4.20.0&#8243; _module_preset=&#8221;default&#8221; pagination_btn_normal_font=&#8221;Poppins|300|||||||&#8221; pagination_btn_normal_font_size=&#8221;16px&#8221; load_more_text_color=&#8221;#FFFFFF&#8221; load_more_font_size=&#8221;14px&#8221; filter_bar_normal_text_align=&#8221;center&#8221; filter_bar_normal_text_color=&#8221;rgba(21,2,42,0.3)&#8221; filter_bar_normal_font_size=&#8221;16px&#8221; filter_bar_active_text_color=&#8221;#00598D&#8221; grid_item_title_font=&#8221;|700|||||||&#8221; grid_item_title_text_color=&#8221;#00598D&#8221; grid_item_title_font_size=&#8221;20px&#8221; grid_item_title_line_height=&#8221;1.4em&#8221; grid_item_excerpt_font=&#8221;|300|||||||&#8221; grid_item_excerpt_text_color=&#8221;#081830&#8243; grid_item_excerpt_font_size=&#8221;15px&#8221; grid_item_excerpt_line_height=&#8221;1.7em&#8221; min_height=&#8221;1000px&#8221; filter_bar_normal_text_align_last_edited=&#8221;off|phone&#8221; filter_bar_normal_font_size_tablet=&#8221;16px&#8221; filter_bar_normal_font_size_phone=&#8221;14px&#8221; filter_bar_normal_font_size_last_edited=&#8221;on|tablet&#8221; border_width_bottom_filter_bar_item=&#8221;2px&#8221; border_color_bottom_filter_bar_item=&#8221;#FFFFFF&#8221; border_width_bottom_filter_bar_item_active=&#8221;2px&#8221; border_color_bottom_filter_bar_item_active=&#8221;#09A2D6&#8243; box_shadow_style_pagination_normal=&#8221;preset3&#8243; box_shadow_color_pagination_normal=&#8221;rgba(68,0,153,0.13)&#8221; box_shadow_style_filter_bar=&#8221;preset3&#8243; box_shadow_color_filter_bar=&#8221;rgba(0,89,141,0.1)&#8221; box_shadow_style_filter_bar_item=&#8221;preset7&#8243; box_shadow_horizontal_filter_bar_item=&#8221;0px&#8221; box_shadow_vertical_filter_bar_item=&#8221;0px&#8221; box_shadow_color_filter_bar_item=&#8221;rgba(249,247,252,0.5)&#8221; box_shadow_style_images=&#8221;preset3&#8243; box_shadow_color_images=&#8221;rgba(0,89,141,0.1)&#8221; global_colors_info=&#8221;{}&#8221; filter_bar_item_background_color__hover_enabled=&#8221;off|hover&#8221; box_shadow_vertical_filter_bar_item__hover_enabled=&#8221;on|hover&#8221; box_shadow_vertical_filter_bar_item__hover=&#8221;-80px&#8221; load_more_bg_color__hover_enabled=&#8221;on|hover&#8221; load_more_bg_color__hover=&#8221;rgba(21,2,42,0.8)&#8221; filter_bar_normal_text_color__hover_enabled=&#8221;on|hover&#8221; filter_bar_normal_text_color__hover=&#8221;rgba(21,2,42,0.5)&#8221; border_color_bottom_filter_bar_item__hover_enabled=&#8221;on|hover&#8221; border_color_bottom_filter_bar_item__hover=&#8221;rgba(249,247,252,0.5)&#8221;][\/dipi_filterable_grid][\/et_pb_column][\/et_pb_row][\/et_pb_section]<\/p>\n","protected":false},"excerpt":{"rendered":"<p>Nos r\u00e9sidences pour a\u00een\u00e9s<div class=\"et_pb_module dipi_breadcrumbs dipi_breadcrumbs_0\">\n\t\t\t\t\n\t\t\t\t\n\t\t\t\t\n\t\t\t\t\n\t\t\t\t\n\t\t\t\t\n\t\t\t\t<div class=\"et_pb_module_inner\">\n\t\t\t\t\t<div class=\"dipi-breadcrumbs dipi-bc-left\">\n                <ul >\n                    \n                                                        <li  class=\"dipi-breadcrumb-item dipi-breadcrumb-home\">\n\n                                                    <a  href=\"https:\/\/batisseurs.ca\/en\/\">\n                                <span  content=\"Home\">\n                                                                        R\u00e9sidences des B\u00e2tisseurs                                <\/span>\n                            <\/a>\n\n                                                <meta itemprop=\"position\" content=\"1\"\/>                    <\/li>\n\n                    <li class=\"dipi-breadcrumb-separator\">\n                    <span class=\"et-pb-icon dipi-separator-icon\">&#x35;<\/span>\n                <\/li>                            \n                <\/ul>\n            <\/div>\n\t\t\t\t<\/div>\n\t\t\t<\/div>Bienvenue chez Les R\u00e9sidences des B\u00e2tisseurs. Vous cherchez un endroit chaleureux et s\u00e9curitaire pour vous, un parent ou un proche \u00e2g\u00e9 ? Chez Les R\u00e9sidences [&hellip;]<\/p>\n","protected":false},"author":4,"featured_media":0,"parent":0,"menu_order":0,"comment_status":"closed","ping_status":"closed","template":"","meta":{"_et_pb_use_builder":"on","_et_pb_old_content":"","_et_gb_content_width":"","footnotes":""},"dipi_cpt_category":[],"class_list":["post-23418374","page","type-page","status-publish","hentry"],"acf":[],"yoast_head":"<!-- This site is optimized with the Yoast SEO plugin v24.5 - https:\/\/yoast.com\/wordpress\/plugins\/seo\/ -->\n<title>Our residences - R\u00e9sidences des B\u00e2tisseurs<\/title>\n<meta name=\"description\" content=\"Located across the Province of Quebec, Residence Les B\u00e2tisseurs offer a wide variety of services for seniors. Visit us today to learn more about our apartments and offering.\" \/>\n<meta name=\"robots\" content=\"index, follow, max-snippet:-1, max-image-preview:large, max-video-preview:-1\" \/>\n<link rel=\"canonical\" href=\"https:\/\/batisseurs.ca\/en\/residence\/\" \/>\n<meta property=\"og:locale\" content=\"en_US\" \/>\n<meta property=\"og:type\" content=\"article\" \/>\n<meta property=\"og:title\" content=\"Our residences - R\u00e9sidences des B\u00e2tisseurs\" \/>\n<meta property=\"og:description\" content=\"Located across the Province of Quebec, Residence Les B\u00e2tisseurs offer a wide variety of services for seniors. Visit us today to learn more about our apartments and offering.\" \/>\n<meta property=\"og:url\" content=\"https:\/\/batisseurs.ca\/en\/residence\/\" \/>\n<meta property=\"og:site_name\" content=\"R\u00e9sidences des B\u00e2tisseurs\" \/>\n<meta property=\"article:modified_time\" content=\"2025-11-12T18:34:47+00:00\" \/>\n<meta name=\"twitter:card\" content=\"summary_large_image\" \/>\n<meta name=\"twitter:label1\" content=\"Est. reading time\" \/>\n\t<meta name=\"twitter:data1\" content=\"7 minutes\" \/>\n<script type=\"application\/ld+json\" class=\"yoast-schema-graph\">{\"@context\":\"https:\/\/schema.org\",\"@graph\":[{\"@type\":\"WebPage\",\"@id\":\"https:\/\/batisseurs.ca\/en\/residence\/\",\"url\":\"https:\/\/batisseurs.ca\/en\/residence\/\",\"name\":\"Our residences - R\u00e9sidences des B\u00e2tisseurs\",\"isPartOf\":{\"@id\":\"https:\/\/batisseurs.ca\/en\/#website\"},\"datePublished\":\"2023-01-16T14:22:18+00:00\",\"dateModified\":\"2025-11-12T18:34:47+00:00\",\"description\":\"Located across the Province of Quebec, Residence Les B\u00e2tisseurs offer a wide variety of services for seniors. Visit us today to learn more about our apartments and offering.\",\"breadcrumb\":{\"@id\":\"https:\/\/batisseurs.ca\/en\/residence\/#breadcrumb\"},\"inLanguage\":\"en-US\",\"potentialAction\":[{\"@type\":\"ReadAction\",\"target\":[\"https:\/\/batisseurs.ca\/en\/residence\/\"]}]},{\"@type\":\"BreadcrumbList\",\"@id\":\"https:\/\/batisseurs.ca\/en\/residence\/#breadcrumb\",\"itemListElement\":[{\"@type\":\"ListItem\",\"position\":1,\"name\":\"Accueil\",\"item\":\"https:\/\/batisseurs.ca\/en\/homepage\/\"},{\"@type\":\"ListItem\",\"position\":2,\"name\":\"Our residences\"}]},{\"@type\":\"WebSite\",\"@id\":\"https:\/\/batisseurs.ca\/en\/#website\",\"url\":\"https:\/\/batisseurs.ca\/en\/\",\"name\":\"R\u00e9sidences des B\u00e2tisseurs\",\"description\":\"Pr\u00e8s de vous, pr\u00e8s de chez vous\",\"publisher\":{\"@id\":\"https:\/\/batisseurs.ca\/en\/#organization\"},\"inLanguage\":\"en-US\"},{\"@type\":\"Organization\",\"@id\":\"https:\/\/batisseurs.ca\/en\/#organization\",\"name\":\"R\u00e9sidences des B\u00e2tisseurs\",\"url\":\"https:\/\/batisseurs.ca\/en\/\",\"logo\":{\"@type\":\"ImageObject\",\"inLanguage\":\"en-US\",\"@id\":\"https:\/\/batisseurs.ca\/en\/#\/schema\/logo\/image\/\",\"url\":\"https:\/\/batisseurs.ca\/wp-content\/uploads\/2023\/03\/General_Flat.svg\",\"contentUrl\":\"https:\/\/batisseurs.ca\/wp-content\/uploads\/2023\/03\/General_Flat.svg\",\"width\":1,\"height\":1,\"caption\":\"R\u00e9sidences des B\u00e2tisseurs\"},\"image\":{\"@id\":\"https:\/\/batisseurs.ca\/en\/#\/schema\/logo\/image\/\"}}]}<\/script>\n<!-- \/ Yoast SEO plugin. -->","yoast_head_json":{"title":"Our residences - R\u00e9sidences des B\u00e2tisseurs","description":"Located across the Province of Quebec, Residence Les B\u00e2tisseurs offer a wide variety of services for seniors. Visit us today to learn more about our apartments and offering.","robots":{"index":"index","follow":"follow","max-snippet":"max-snippet:-1","max-image-preview":"max-image-preview:large","max-video-preview":"max-video-preview:-1"},"canonical":"https:\/\/batisseurs.ca\/en\/residence\/","og_locale":"en_US","og_type":"article","og_title":"Our residences - R\u00e9sidences des B\u00e2tisseurs","og_description":"Located across the Province of Quebec, Residence Les B\u00e2tisseurs offer a wide variety of services for seniors. Visit us today to learn more about our apartments and offering.","og_url":"https:\/\/batisseurs.ca\/en\/residence\/","og_site_name":"R\u00e9sidences des B\u00e2tisseurs","article_modified_time":"2025-11-12T18:34:47+00:00","twitter_card":"summary_large_image","twitter_misc":{"Est. reading time":"7 minutes"},"schema":{"@context":"https:\/\/schema.org","@graph":[{"@type":"WebPage","@id":"https:\/\/batisseurs.ca\/en\/residence\/","url":"https:\/\/batisseurs.ca\/en\/residence\/","name":"Our residences - R\u00e9sidences des B\u00e2tisseurs","isPartOf":{"@id":"https:\/\/batisseurs.ca\/en\/#website"},"datePublished":"2023-01-16T14:22:18+00:00","dateModified":"2025-11-12T18:34:47+00:00","description":"Located across the Province of Quebec, Residence Les B\u00e2tisseurs offer a wide variety of services for seniors. Visit us today to learn more about our apartments and offering.","breadcrumb":{"@id":"https:\/\/batisseurs.ca\/en\/residence\/#breadcrumb"},"inLanguage":"en-US","potentialAction":[{"@type":"ReadAction","target":["https:\/\/batisseurs.ca\/en\/residence\/"]}]},{"@type":"BreadcrumbList","@id":"https:\/\/batisseurs.ca\/en\/residence\/#breadcrumb","itemListElement":[{"@type":"ListItem","position":1,"name":"Accueil","item":"https:\/\/batisseurs.ca\/en\/homepage\/"},{"@type":"ListItem","position":2,"name":"Our residences"}]},{"@type":"WebSite","@id":"https:\/\/batisseurs.ca\/en\/#website","url":"https:\/\/batisseurs.ca\/en\/","name":"R\u00e9sidences des B\u00e2tisseurs","description":"Pr\u00e8s de vous, pr\u00e8s de chez vous","publisher":{"@id":"https:\/\/batisseurs.ca\/en\/#organization"},"inLanguage":"en-US"},{"@type":"Organization","@id":"https:\/\/batisseurs.ca\/en\/#organization","name":"R\u00e9sidences des B\u00e2tisseurs","url":"https:\/\/batisseurs.ca\/en\/","logo":{"@type":"ImageObject","inLanguage":"en-US","@id":"https:\/\/batisseurs.ca\/en\/#\/schema\/logo\/image\/","url":"https:\/\/batisseurs.ca\/wp-content\/uploads\/2023\/03\/General_Flat.svg","contentUrl":"https:\/\/batisseurs.ca\/wp-content\/uploads\/2023\/03\/General_Flat.svg","width":1,"height":1,"caption":"R\u00e9sidences des B\u00e2tisseurs"},"image":{"@id":"https:\/\/batisseurs.ca\/en\/#\/schema\/logo\/image\/"}}]}},"_links":{"self":[{"href":"https:\/\/batisseurs.ca\/en\/wp-json\/wp\/v2\/pages\/23418374","targetHints":{"allow":["GET"]}}],"collection":[{"href":"https:\/\/batisseurs.ca\/en\/wp-json\/wp\/v2\/pages"}],"about":[{"href":"https:\/\/batisseurs.ca\/en\/wp-json\/wp\/v2\/types\/page"}],"author":[{"embeddable":true,"href":"https:\/\/batisseurs.ca\/en\/wp-json\/wp\/v2\/users\/4"}],"replies":[{"embeddable":true,"href":"https:\/\/batisseurs.ca\/en\/wp-json\/wp\/v2\/comments?post=23418374"}],"version-history":[{"count":12,"href":"https:\/\/batisseurs.ca\/en\/wp-json\/wp\/v2\/pages\/23418374\/revisions"}],"predecessor-version":[{"id":23436965,"href":"https:\/\/batisseurs.ca\/en\/wp-json\/wp\/v2\/pages\/23418374\/revisions\/23436965"}],"wp:attachment":[{"href":"https:\/\/batisseurs.ca\/en\/wp-json\/wp\/v2\/media?parent=23418374"}],"wp:term":[{"taxonomy":"dipi_cpt_category","embeddable":true,"href":"https:\/\/batisseurs.ca\/en\/wp-json\/wp\/v2\/dipi_cpt_category?post=23418374"}],"curies":[{"name":"wp","href":"https:\/\/api.w.org\/{rel}","templated":true}]}}