{"id":23434341,"date":"2023-01-16T09:01:48","date_gmt":"2023-01-16T14:01:48","guid":{"rendered":"https:\/\/batisseurs.ca\/faq\/"},"modified":"2024-03-27T11:28:19","modified_gmt":"2024-03-27T15:28:19","slug":"faq","status":"publish","type":"page","link":"https:\/\/batisseurs.ca\/en\/faq\/","title":{"rendered":"FAQ"},"content":{"rendered":"<p>[et_pb_section fb_built=&#8221;1&#8243; custom_padding_last_edited=&#8221;on|desktop&#8221; _builder_version=&#8221;4.19.4&#8243; use_background_color_gradient=&#8221;on&#8221; background_color_gradient_direction=&#8221;90deg&#8221; background_color_gradient_stops=&#8221;#00598d 18%|rgba(9,162,214,0.33) 70%&#8221; background_color_gradient_overlays_image=&#8221;on&#8221; background_color_gradient_start=&#8221;rgba(38,61,123,0.95)&#8221; background_color_gradient_start_position=&#8221;27%&#8221; background_color_gradient_end=&#8221;rgba(9,162,214,0.33)&#8221; background_color_gradient_end_position=&#8221;70%&#8221; background_image=&#8221;https:\/\/batisseurs.ca\/wp-content\/uploads\/2022\/06\/Sans-titre-2022-06-14T141946.824.png&#8221; custom_padding=&#8221;15vh||20vh||false|false&#8221; custom_padding_tablet=&#8221;20vh||||false|false&#8221; custom_padding_phone=&#8221;5vh||10vh||false|false&#8221; bottom_divider_style=&#8221;curve2&#8243; bottom_divider_color=&#8221;#FFFFFF&#8221; bottom_divider_height=&#8221;200px&#8221; bottom_divider_repeat=&#8221;0x&#8221; bottom_divider_height_tablet=&#8221;120px&#8221; bottom_divider_height_phone=&#8221;60px&#8221; bottom_divider_height_last_edited=&#8221;on|phone&#8221; background_last_edited=&#8221;on|tablet&#8221; background_color_gradient_stops_tablet=&#8221;rgba(38,61,123,0.95) 0%|rgba(9,162,214,0.33) 100%&#8221; background_color_gradient_stops_phone=&#8221;rgba(38,61,123,0.95) 0%|rgba(9,162,214,0.33) 100%&#8221; background_color_gradient_start_position_tablet=&#8221;0%&#8221; background_color_gradient_end_position_tablet=&#8221;100%&#8221; background_color_gradient_end_position_phone=&#8221;100%&#8221; background_position_tablet=&#8221;top_right&#8221; background_position_phone=&#8221;top_left&#8221; global_colors_info=&#8221;{}&#8221;][et_pb_row _builder_version=&#8221;4.16&#8243; _module_preset=&#8221;default&#8221; global_colors_info=&#8221;{}&#8221;][et_pb_column type=&#8221;4_4&#8243; _builder_version=&#8221;4.16&#8243; _module_preset=&#8221;default&#8221; global_colors_info=&#8221;{}&#8221;][et_pb_cta title=&#8221;Questions?&#8221; _builder_version=&#8221;4.19.4&#8243; _module_preset=&#8221;default&#8221; header_font=&#8221;Raleway|300|||||||&#8221; header_text_color=&#8221;#F6FBFD&#8221; header_font_size=&#8221;40px&#8221; body_font=&#8221;Montserrat|700|||||||&#8221; body_font_size=&#8221;65px&#8221; body_line_height=&#8221;1em&#8221; background_color=&#8221;RGBA(0,0,0,0)&#8221; custom_button=&#8221;on&#8221; button_bg_color=&#8221;#09A2D6&#8243; button_border_color=&#8221;#09A2D6&#8243; text_orientation=&#8221;left&#8221; max_width=&#8221;800px&#8221; custom_margin=&#8221;||0px||false|false&#8221; custom_padding=&#8221;|||0px|false|false&#8221; header_font_size_tablet=&#8221;&#8221; header_font_size_phone=&#8221;27px&#8221; header_font_size_last_edited=&#8221;on|phone&#8221; body_font_size_tablet=&#8221;81px&#8221; body_font_size_phone=&#8221;41px&#8221; body_font_size_last_edited=&#8221;on|desktop&#8221; global_colors_info=&#8221;{}&#8221; button_border_color__hover_enabled=&#8221;on|hover&#8221; button_border_color__hover=&#8221;#09A2D6&#8243;]<\/p>\n<h1>Frequently Asked Questions<\/h1>\n<p>[\/et_pb_cta][dipi_breadcrumbs bc_separator_icon=&#8221;&#x35;||divi||400&#8243; bc_post_type=&#8221;project&#8221; bc_is_post_type_root=&#8221;on&#8221; bc_post_type_root=&#8221;\/doctors&#8221; bc_post_type_label=&#8221;Doctors&#8221; bc_schema=&#8221;off&#8221; bc_separator_color=&#8221;#FFFFFF&#8221; bc_separator_space=&#8221;0px&#8221; bc_item_bg_color=&#8221;rgba(255,255,255,0.07)&#8221; bc_item_padding=&#8221;5px|20px|5px|20px|false|false&#8221; bc_active_item_color=&#8221;rgba(255,255,255,0.05)&#8221; bc_active_item_padding=&#8221;5px|15px|5px|15px|false|false&#8221; bc_hover_item_bg_color=&#8221;#FFFFFF&#8221; _builder_version=&#8221;4.16&#8243; _module_preset=&#8221;default&#8221; items_text_color=&#8221;#FFFFFF&#8221; items_font_size=&#8221;16px&#8221; hover_text_color=&#8221;#263D7B&#8221; active_text_color=&#8221;rgba(255,255,255,0.52)&#8221; position_origin_a=&#8221;bottom_right&#8221; position_origin_f=&#8221;bottom_center&#8221; position_origin_r=&#8221;bottom_left&#8221; width=&#8221;100%&#8221; border_radii_items=&#8221;on|100px|100px|100px|100px&#8221; border_radii_active=&#8221;on|100px|100px|100px|100px&#8221; global_colors_info=&#8221;{}&#8221; custom_css_main_element_last_edited=&#8221;on|tablet&#8221;][\/dipi_breadcrumbs][\/et_pb_column][\/et_pb_row][\/et_pb_section][et_pb_section fb_built=&#8221;1&#8243; _builder_version=&#8221;4.16&#8243; _module_preset=&#8221;default&#8221; background_image=&#8221;https:\/\/batisseurs.ca\/wp-content\/uploads\/2021\/07\/medical-shape-01.svg&#8221; background_size=&#8221;contain&#8221; background_position=&#8221;top_left&#8221; global_colors_info=&#8221;{}&#8221;][et_pb_row _builder_version=&#8221;4.16&#8243; _module_preset=&#8221;default&#8221; custom_padding=&#8221;||60px|||&#8221; global_colors_info=&#8221;{}&#8221;][et_pb_column type=&#8221;4_4&#8243; _builder_version=&#8221;4.16&#8243; _module_preset=&#8221;default&#8221; global_colors_info=&#8221;{}&#8221;][et_pb_text _builder_version=&#8221;4.19.4&#8243; _module_preset=&#8221;default&#8221; header_2_text_color=&#8221;#09A2D6&#8243; text_orientation=&#8221;center&#8221; max_width=&#8221;1000px&#8221; module_alignment=&#8221;center&#8221; text_font_size_tablet=&#8221;&#8221; text_font_size_phone=&#8221;15px&#8221; text_font_size_last_edited=&#8221;on|phone&#8221; text_line_height_tablet=&#8221;&#8221; text_line_height_phone=&#8221;1.7em&#8221; text_line_height_last_edited=&#8221;on|phone&#8221; header_2_font_size_tablet=&#8221;40px&#8221; header_2_font_size_phone=&#8221;32px&#8221; header_2_font_size_last_edited=&#8221;on|phone&#8221; global_colors_info=&#8221;{}&#8221;]<\/p>\n<h2>Frequently Asked Questions<\/h2>\n<p><span><\/p>\n<p>Below are answers to the most frequently asked questions about our senior residences. We know that choosing a residence requires careful consideration, so we\u2019ve also included answers to key questions that may arise when you do your research. If you can\u2019t find the answer to your question, feel free to contact us and we\u2019ll be happy to help you.  <\/p>\n<p><\/span>[\/et_pb_text][\/et_pb_column][\/et_pb_row][et_pb_row _builder_version=&#8221;4.16&#8243; _module_preset=&#8221;default&#8221; global_colors_info=&#8221;{}&#8221;][et_pb_column type=&#8221;4_4&#8243; _builder_version=&#8221;4.16&#8243; _module_preset=&#8221;default&#8221; global_colors_info=&#8221;{}&#8221;][dipi_faq faq_categories=&#8221;248&#8243; faq_order_by=&#8221;rand&#8221; output_json=&#8221;off&#8221; faq_layout=&#8221;accordion&#8221; accordion_close_all=&#8221;on&#8221; icon_animate=&#8221;on&#8221; icon_closed=&#8221;&#x33;||divi||400&#8243; icon_open=&#8221;&#x32;||divi||400&#8243; icon_open_color=&#8221;#FFFFFF&#8221; icon_closed_color=&#8221;rgba(8,24,48,0.15)&#8221; icon_open_bg_color=&#8221;#0797c6&#8243; icon_closed_bg_color=&#8221;#E9F4FA&#8221; icon_open_font_size=&#8221;25px&#8221; icon_closed_font_size=&#8221;25px&#8221; icon_open_border_radius=&#8221;100px&#8221; icon_closed_border_radius=&#8221;100px&#8221; icon_open_padding=&#8221;10px|10px|10px|10px|false|false&#8221; icon_closed_padding=&#8221;10px|10px|10px|10px|false|false&#8221; entry_background_closed=&#8221;#FFFFFF&#8221; entry_margin_closed=&#8221;||20px||false|false&#8221; entry_padding_closed=&#8221;0px||0px||false|false&#8221; entry_padding_open=&#8221;||||false|false&#8221; title_background_closed=&#8221;#FFFFFF&#8221; title_background_open=&#8221;#09A2D6&#8243; title_padding_closed=&#8221;20px|50px|20px|30px|false|false&#8221; title_padding_open=&#8221;|||30px|false|false&#8221; content_padding_closed=&#8221;30px|30px|30px|30px|false|false&#8221; content_padding_open=&#8221;30px|30px|30px|30px|false|false&#8221; _builder_version=&#8221;4.24.0&#8243; _module_preset=&#8221;default&#8221; title_closed_font=&#8221;Montserrat||||||||&#8221; title_closed_text_color=&#8221;#00598D&#8221; title_closed_font_size=&#8221;20px&#8221; title_open_font=&#8221;Montserrat||||||||&#8221; title_open_text_color=&#8221;#FFFFFF&#8221; title_open_font_size=&#8221;20px&#8221; content_open_font=&#8221;Raleway||||||||&#8221; content_open_text_color=&#8221;rgba(8,24,48,0.6)&#8221; content_open_font_size=&#8221;16px&#8221; content_open_line_height=&#8221;1.7em&#8221; max_width=&#8221;100%&#8221; module_alignment=&#8221;center&#8221; hover_enabled=&#8221;0&#8243; border_radii_entries_closed=&#8221;on|15px|15px|15px|15px&#8221; border_style_all_entries_closed=&#8221;none&#8221; border_radii_entries_open=&#8221;on|15px|15px|15px|15px&#8221; border_color_all_entries_open=&#8221;#09A2D6&#8243; border_style_all_entries_open=&#8221;none&#8221; box_shadow_style_entries_closed=&#8221;preset1&#8243; box_shadow_color_entries_closed=&#8221;rgba(9,162,214,0.12)&#8221; global_colors_info=&#8221;{}&#8221; sticky_enabled=&#8221;0&#8243;][\/dipi_faq][\/et_pb_column][\/et_pb_row][\/et_pb_section][et_pb_section fb_built=&#8221;1&#8243; _builder_version=&#8221;4.16&#8243; _module_preset=&#8221;default&#8221; background_image=&#8221;https:\/\/batisseurs.ca\/wp-content\/uploads\/2021\/07\/medical-shape-01.svg&#8221; background_size=&#8221;contain&#8221; background_position=&#8221;top_left&#8221; custom_padding=&#8221;0px||0px|||&#8221; global_colors_info=&#8221;{}&#8221;][et_pb_row _builder_version=&#8221;4.19.4&#8243; _module_preset=&#8221;default&#8221; global_colors_info=&#8221;{}&#8221;][et_pb_column type=&#8221;4_4&#8243; _builder_version=&#8221;4.19.4&#8243; _module_preset=&#8221;default&#8221; global_colors_info=&#8221;{}&#8221;][et_pb_divider color=&#8221;#09A2D6&#8243; module_id=&#8221;contact-form&#8221; _builder_version=&#8221;4.19.4&#8243; _module_preset=&#8221;default&#8221; global_colors_info=&#8221;{}&#8221;][\/et_pb_divider][et_pb_text _builder_version=&#8221;4.19.4&#8243; _module_preset=&#8221;default&#8221; text_text_color=&#8221;#081830&#8243; header_2_text_color=&#8221;#09A2D6&#8243; text_orientation=&#8221;center&#8221; max_width=&#8221;700px&#8221; module_alignment=&#8221;center&#8221; text_font_size_tablet=&#8221;&#8221; text_font_size_phone=&#8221;15px&#8221; text_font_size_last_edited=&#8221;on|phone&#8221; text_line_height_tablet=&#8221;&#8221; text_line_height_phone=&#8221;1.7em&#8221; text_line_height_last_edited=&#8221;on|phone&#8221; header_2_font_size_tablet=&#8221;40px&#8221; header_2_font_size_phone=&#8221;32px&#8221; header_2_font_size_last_edited=&#8221;on|phone&#8221; locked=&#8221;off&#8221; global_colors_info=&#8221;{}&#8221;]<\/p>\n<h2>Contact us<\/h2>\n<p><span>You have questions? Do not hesitate to contact us today. <\/span><\/p>\n<p>[\/et_pb_text][et_pb_wpt_gravityform gravityform_id=&#8221;gf-1&#8243; title=&#8221;off&#8221; description=&#8221;off&#8221; field_values=&#8221;residence-name=general&#8221; field_container_custom_margin=&#8221;15px|0|0|0|false|false&#8221; text_input_bg_color=&#8221;#F6FBFD&#8221; asterisk_color=&#8221;#09A2D6&#8243; _builder_version=&#8221;4.19.4&#8243; _module_preset=&#8221;default&#8221; label_text_color=&#8221;#00598D&#8221; label_font_size=&#8221;18px&#8221; sub_label_text_color=&#8221;#09A2D6&#8243; input_font_font_size=&#8221;20px&#8221; consent_checkbox_text_color=&#8221;#09A2D6&#8243; consent_description_text_color=&#8221;#00598D&#8221; asterisk_text_legend_text_color=&#8221;#081830&#8243; custom_form_button=&#8221;on&#8221; form_button_text_color=&#8221;#F6FBFD&#8221; form_button_bg_color=&#8221;#09A2D6&#8243; form_button_border_color=&#8221;#09A2D6&#8243; form_button_border_radius=&#8221;0px&#8221; form_button_alignment=&#8221;right&#8221; global_colors_info=&#8221;{}&#8221; form_button_bg_color__hover_enabled=&#8221;on|hover&#8221; form_button_border_radius__hover_enabled=&#8221;on|hover&#8221; form_button_border_radius__hover=&#8221;0px&#8221; form_button_bg_color__hover=&#8221;#09A2D6&#8243;][\/et_pb_wpt_gravityform][\/et_pb_column][\/et_pb_row][\/et_pb_section]<\/p>\n","protected":false},"excerpt":{"rendered":"<p>Frequently Asked Questions<div class=\"et_pb_module dipi_breadcrumbs dipi_breadcrumbs_0\">\n\t\t\t\t\n\t\t\t\t\n\t\t\t\t\n\t\t\t\t\n\t\t\t\t\n\t\t\t\t\n\t\t\t\t<div class=\"et_pb_module_inner\">\n\t\t\t\t\t<div class=\"dipi-breadcrumbs dipi-bc-left\">\n                <ul >\n                    \n                                                        <li  class=\"dipi-breadcrumb-item dipi-breadcrumb-home\">\n\n                                                    <a  href=\"https:\/\/batisseurs.ca\/en\/\">\n                                <span  content=\"Home\">\n                                                                        R\u00e9sidences des B\u00e2tisseurs                                <\/span>\n                            <\/a>\n\n                                                <meta itemprop=\"position\" content=\"1\"\/>                    <\/li>\n\n                    <li class=\"dipi-breadcrumb-separator\">\n                    <span class=\"et-pb-icon dipi-separator-icon\">&#x35;<\/span>\n                <\/li>                            \n                <\/ul>\n            <\/div>\n\t\t\t\t<\/div>\n\t\t\t<\/div>Frequently Asked Questions Below are answers to the most frequently asked questions about our senior residences. We know that choosing a residence requires careful consideration, so [&hellip;]<\/p>\n","protected":false},"author":4,"featured_media":0,"parent":0,"menu_order":0,"comment_status":"closed","ping_status":"closed","template":"","meta":{"_et_pb_use_builder":"on","_et_pb_old_content":"","_et_gb_content_width":"","footnotes":""},"dipi_cpt_category":[],"class_list":["post-23434341","page","type-page","status-publish","hentry"],"acf":[],"yoast_head":"<!-- This site is optimized with the Yoast SEO plugin v24.5 - https:\/\/yoast.com\/wordpress\/plugins\/seo\/ -->\n<title>FAQ - R\u00e9sidences des B\u00e2tisseurs<\/title>\n<meta name=\"description\" content=\"See our frequently asked questions Below are answers to the most frequently asked questions about our senior residences.\" \/>\n<meta name=\"robots\" content=\"index, follow, max-snippet:-1, max-image-preview:large, max-video-preview:-1\" \/>\n<link rel=\"canonical\" href=\"https:\/\/batisseurs.ca\/en\/faq\/\" \/>\n<meta property=\"og:locale\" content=\"en_US\" \/>\n<meta property=\"og:type\" content=\"article\" \/>\n<meta property=\"og:title\" content=\"FAQ - R\u00e9sidences des B\u00e2tisseurs\" \/>\n<meta property=\"og:description\" content=\"See our frequently asked questions Below are answers to the most frequently asked questions about our senior residences.\" \/>\n<meta property=\"og:url\" content=\"https:\/\/batisseurs.ca\/en\/faq\/\" \/>\n<meta property=\"og:site_name\" content=\"R\u00e9sidences des B\u00e2tisseurs\" \/>\n<meta property=\"article:modified_time\" content=\"2024-03-27T15:28:19+00:00\" \/>\n<meta name=\"twitter:card\" content=\"summary_large_image\" \/>\n<meta name=\"twitter:label1\" content=\"Est. reading time\" \/>\n\t<meta name=\"twitter:data1\" content=\"6 minutes\" \/>\n<script type=\"application\/ld+json\" class=\"yoast-schema-graph\">{\"@context\":\"https:\/\/schema.org\",\"@graph\":[{\"@type\":\"WebPage\",\"@id\":\"https:\/\/batisseurs.ca\/en\/faq\/\",\"url\":\"https:\/\/batisseurs.ca\/en\/faq\/\",\"name\":\"FAQ - R\u00e9sidences des B\u00e2tisseurs\",\"isPartOf\":{\"@id\":\"https:\/\/batisseurs.ca\/en\/#website\"},\"datePublished\":\"2023-01-16T14:01:48+00:00\",\"dateModified\":\"2024-03-27T15:28:19+00:00\",\"description\":\"See our frequently asked questions Below are answers to the most frequently asked questions about our senior residences.\",\"breadcrumb\":{\"@id\":\"https:\/\/batisseurs.ca\/en\/faq\/#breadcrumb\"},\"inLanguage\":\"en-US\",\"potentialAction\":[{\"@type\":\"ReadAction\",\"target\":[\"https:\/\/batisseurs.ca\/en\/faq\/\"]}]},{\"@type\":\"BreadcrumbList\",\"@id\":\"https:\/\/batisseurs.ca\/en\/faq\/#breadcrumb\",\"itemListElement\":[{\"@type\":\"ListItem\",\"position\":1,\"name\":\"Accueil\",\"item\":\"https:\/\/batisseurs.ca\/en\/homepage\/\"},{\"@type\":\"ListItem\",\"position\":2,\"name\":\"FAQ\"}]},{\"@type\":\"WebSite\",\"@id\":\"https:\/\/batisseurs.ca\/en\/#website\",\"url\":\"https:\/\/batisseurs.ca\/en\/\",\"name\":\"R\u00e9sidences des B\u00e2tisseurs\",\"description\":\"Pr\u00e8s de vous, pr\u00e8s de chez vous\",\"publisher\":{\"@id\":\"https:\/\/batisseurs.ca\/en\/#organization\"},\"inLanguage\":\"en-US\"},{\"@type\":\"Organization\",\"@id\":\"https:\/\/batisseurs.ca\/en\/#organization\",\"name\":\"R\u00e9sidences des B\u00e2tisseurs\",\"url\":\"https:\/\/batisseurs.ca\/en\/\",\"logo\":{\"@type\":\"ImageObject\",\"inLanguage\":\"en-US\",\"@id\":\"https:\/\/batisseurs.ca\/en\/#\/schema\/logo\/image\/\",\"url\":\"https:\/\/batisseurs.ca\/wp-content\/uploads\/2023\/03\/General_Flat.svg\",\"contentUrl\":\"https:\/\/batisseurs.ca\/wp-content\/uploads\/2023\/03\/General_Flat.svg\",\"width\":1,\"height\":1,\"caption\":\"R\u00e9sidences des B\u00e2tisseurs\"},\"image\":{\"@id\":\"https:\/\/batisseurs.ca\/en\/#\/schema\/logo\/image\/\"}}]}<\/script>\n<!-- \/ Yoast SEO plugin. -->","yoast_head_json":{"title":"FAQ - R\u00e9sidences des B\u00e2tisseurs","description":"See our frequently asked questions Below are answers to the most frequently asked questions about our senior residences.","robots":{"index":"index","follow":"follow","max-snippet":"max-snippet:-1","max-image-preview":"max-image-preview:large","max-video-preview":"max-video-preview:-1"},"canonical":"https:\/\/batisseurs.ca\/en\/faq\/","og_locale":"en_US","og_type":"article","og_title":"FAQ - R\u00e9sidences des B\u00e2tisseurs","og_description":"See our frequently asked questions Below are answers to the most frequently asked questions about our senior residences.","og_url":"https:\/\/batisseurs.ca\/en\/faq\/","og_site_name":"R\u00e9sidences des B\u00e2tisseurs","article_modified_time":"2024-03-27T15:28:19+00:00","twitter_card":"summary_large_image","twitter_misc":{"Est. reading time":"6 minutes"},"schema":{"@context":"https:\/\/schema.org","@graph":[{"@type":"WebPage","@id":"https:\/\/batisseurs.ca\/en\/faq\/","url":"https:\/\/batisseurs.ca\/en\/faq\/","name":"FAQ - R\u00e9sidences des B\u00e2tisseurs","isPartOf":{"@id":"https:\/\/batisseurs.ca\/en\/#website"},"datePublished":"2023-01-16T14:01:48+00:00","dateModified":"2024-03-27T15:28:19+00:00","description":"See our frequently asked questions Below are answers to the most frequently asked questions about our senior residences.","breadcrumb":{"@id":"https:\/\/batisseurs.ca\/en\/faq\/#breadcrumb"},"inLanguage":"en-US","potentialAction":[{"@type":"ReadAction","target":["https:\/\/batisseurs.ca\/en\/faq\/"]}]},{"@type":"BreadcrumbList","@id":"https:\/\/batisseurs.ca\/en\/faq\/#breadcrumb","itemListElement":[{"@type":"ListItem","position":1,"name":"Accueil","item":"https:\/\/batisseurs.ca\/en\/homepage\/"},{"@type":"ListItem","position":2,"name":"FAQ"}]},{"@type":"WebSite","@id":"https:\/\/batisseurs.ca\/en\/#website","url":"https:\/\/batisseurs.ca\/en\/","name":"R\u00e9sidences des B\u00e2tisseurs","description":"Pr\u00e8s de vous, pr\u00e8s de chez vous","publisher":{"@id":"https:\/\/batisseurs.ca\/en\/#organization"},"inLanguage":"en-US"},{"@type":"Organization","@id":"https:\/\/batisseurs.ca\/en\/#organization","name":"R\u00e9sidences des B\u00e2tisseurs","url":"https:\/\/batisseurs.ca\/en\/","logo":{"@type":"ImageObject","inLanguage":"en-US","@id":"https:\/\/batisseurs.ca\/en\/#\/schema\/logo\/image\/","url":"https:\/\/batisseurs.ca\/wp-content\/uploads\/2023\/03\/General_Flat.svg","contentUrl":"https:\/\/batisseurs.ca\/wp-content\/uploads\/2023\/03\/General_Flat.svg","width":1,"height":1,"caption":"R\u00e9sidences des B\u00e2tisseurs"},"image":{"@id":"https:\/\/batisseurs.ca\/en\/#\/schema\/logo\/image\/"}}]}},"_links":{"self":[{"href":"https:\/\/batisseurs.ca\/en\/wp-json\/wp\/v2\/pages\/23434341","targetHints":{"allow":["GET"]}}],"collection":[{"href":"https:\/\/batisseurs.ca\/en\/wp-json\/wp\/v2\/pages"}],"about":[{"href":"https:\/\/batisseurs.ca\/en\/wp-json\/wp\/v2\/types\/page"}],"author":[{"embeddable":true,"href":"https:\/\/batisseurs.ca\/en\/wp-json\/wp\/v2\/users\/4"}],"replies":[{"embeddable":true,"href":"https:\/\/batisseurs.ca\/en\/wp-json\/wp\/v2\/comments?post=23434341"}],"version-history":[{"count":8,"href":"https:\/\/batisseurs.ca\/en\/wp-json\/wp\/v2\/pages\/23434341\/revisions"}],"predecessor-version":[{"id":23434351,"href":"https:\/\/batisseurs.ca\/en\/wp-json\/wp\/v2\/pages\/23434341\/revisions\/23434351"}],"wp:attachment":[{"href":"https:\/\/batisseurs.ca\/en\/wp-json\/wp\/v2\/media?parent=23434341"}],"wp:term":[{"taxonomy":"dipi_cpt_category","embeddable":true,"href":"https:\/\/batisseurs.ca\/en\/wp-json\/wp\/v2\/dipi_cpt_category?post=23434341"}],"curies":[{"name":"wp","href":"https:\/\/api.w.org\/{rel}","templated":true}]}}